{"id":63929,"date":"2024-02-20T15:26:36","date_gmt":"2024-02-20T15:26:36","guid":{"rendered":"https:\/\/www.trescal.no\/?page_id=63929"},"modified":"2024-04-05T13:30:45","modified_gmt":"2024-04-05T13:30:45","slug":"social-engagement","status":"publish","type":"page","link":"https:\/\/www.trescal.no\/en\/commitments\/social-engagement\/","title":{"rendered":"Social Engagement"},"content":{"rendered":"<section class=\"banner article\">\r\n    <div class=\"bgmedia\">\r\n                    <img decoding=\"async\" data-src=\"https:\/\/www.trescal.no\/wp-content\/uploads\/sites\/84\/2024\/02\/IMG_5467-1-scaled-e1699605605755.jpg\" alt=\"ESG\" src=\"data:image\/svg+xml;base64,PHN2ZyB3aWR0aD0iMSIgaGVpZ2h0PSIxIiB4bWxucz0iaHR0cDovL3d3dy53My5vcmcvMjAwMC9zdmciPjwvc3ZnPg==\" class=\"lazyload\" style=\"--smush-placeholder-width: 2560px; --smush-placeholder-aspect-ratio: 2560\/601;\">\r\n                <\/div>\r\n    <div class=\"container\">\r\n        <div class=\"content\" align=\"left\">\r\n            <div class=\"item\">\r\n                <h1 style=\"font-size: 48px;\">Social engagement <\/h1>\r\n                                            <\/div>\r\n        <\/div>\r\n    <\/div>\r\n<\/section>\n\n<section class=\"centertext\" style=\"background-color : transparent;\">\n    <div class=\"container\">\n        <div class=\"content\">\n\n            \n            <p>Working day-to-day with global measurement systems reinforces that the world is intrinsically linked. Trescal actively contributes to improve the communities where we live and work so that we can cascade global impact. We support organizations aligned with our values for scientific pursuit and team collaboration. We consider change only comes through action so we not only donate financially but we involve our employees to create ties that bind Trescal employees and our communities.<\/p>\n\n                    <\/div>\n    <\/div>\n<\/section>\n\n\n<section class=\"chiffrecles bg-gray\">\r\n    <div class=\"container\">\r\n        <div class=\"content\">\r\n            <h2>KEY FIGURES <\/h2>\r\n            <div class=\"cols\">\r\n\r\n                \r\n                    <div class=\"item col-3\">\r\n                        <h3 id=\"counter1\" class=\"counter anime-counter\">200<\/h3>\r\n                        <p>high school students sponsored via the Physics Olympics in France<\/p>\n                    <\/div>\r\n                \r\n                    <div class=\"item col-3\">\r\n                        <h3 id=\"counter1\" class=\"counter anime-counter\">6<\/h3>\r\n                        <p>STEM modules distributed via our partnership with the Smithsonian Science Education Center<\/p>\n                    <\/div>\r\n                \r\n                    <div class=\"item col-3\">\r\n                        <h3 id=\"counter1\" class=\"counter anime-counter\">\u20ac36K<\/h3>\r\n                        <p>yearly budget to sponsor community STEM and sport initiatives<\/p>\n                    <\/div>\r\n                            <\/div>\r\n        <\/div>\r\n    <\/div>\r\n<\/section>\r\n\n\n<section class=\"valeurs bg-gradblue\" id=\"valeurs\">\n    <div class=\"container\">\n        <div class=\"content\">\n            <h2>OUR COMMUNITY COMMITMENTS<\/h2>\n                    <\/div>\n        <hr \/>\n\n        <div class=\"slider arrow2Side \">\n            <div class=\"arrow arrow_L\" onClick=\"slideItem('.valeurs .slider',-1)\"><img decoding=\"async\" data-src=\"https:\/\/www.trescal.no\/wp-content\/themes\/labase-trescal\/img\/teamplate_esg\/images\/arrow_L.png\" alt=\"picto\" width=\"25px\" height=\"21px\" style=\"--smush-placeholder-width: 25px; --smush-placeholder-aspect-ratio: 25\/21;max-width:25px\" src=\"data:image\/svg+xml;base64,PHN2ZyB3aWR0aD0iMSIgaGVpZ2h0PSIxIiB4bWxucz0iaHR0cDovL3d3dy53My5vcmcvMjAwMC9zdmciPjwvc3ZnPg==\" class=\"lazyload\"><\/div>\n            <div class=\"arrow arrow_R\" onClick=\"slideItem('.valeurs .slider',1)\"><img decoding=\"async\" data-src=\"https:\/\/www.trescal.no\/wp-content\/themes\/labase-trescal\/img\/teamplate_esg\/images\/arrow_R.png\" alt=\"picto\" width=\"25px\" height=\"21px\" style=\"--smush-placeholder-width: 25px; --smush-placeholder-aspect-ratio: 25\/21;max-width:25px\" src=\"data:image\/svg+xml;base64,PHN2ZyB3aWR0aD0iMSIgaGVpZ2h0PSIxIiB4bWxucz0iaHR0cDovL3d3dy53My5vcmcvMjAwMC9zdmciPjwvc3ZnPg==\" class=\"lazyload\"><\/div>\n            <div class=\"scroller\" data-current-item=\"0\">\n                <div class=\"bloc-cards\">\n                                        \n                    <div class=\"cards-item\">\n                        <div><img decoding=\"async\" data-src=\"https:\/\/www.trescal.no\/wp-content\/uploads\/sites\/84\/2024\/02\/promouvoir.svg\" alt=\"picto\" width=\"55px\" height=\"51px\" src=\"data:image\/svg+xml;base64,PHN2ZyB3aWR0aD0iMSIgaGVpZ2h0PSIxIiB4bWxucz0iaHR0cDovL3d3dy53My5vcmcvMjAwMC9zdmciPjwvc3ZnPg==\" class=\"lazyload\" style=\"--smush-placeholder-width: 55px; --smush-placeholder-aspect-ratio: 55\/51;\"><\/div>\n                        <h5 style=\" color: white; \">SPONSOR<\/h5>\n                        <p>Science, technology, engineering and mathematics (STEM) education that enables scientific pursuit at an early age<\/p>\n                                            <\/div>\n                                        \n                    <div class=\"cards-item\">\n                        <div><img decoding=\"async\" data-src=\"https:\/\/www.trescal.no\/wp-content\/uploads\/sites\/84\/2024\/02\/mental-health.svg\" alt=\"picto\" width=\"55px\" height=\"51px\" src=\"data:image\/svg+xml;base64,PHN2ZyB3aWR0aD0iMSIgaGVpZ2h0PSIxIiB4bWxucz0iaHR0cDovL3d3dy53My5vcmcvMjAwMC9zdmciPjwvc3ZnPg==\" class=\"lazyload\" style=\"--smush-placeholder-width: 55px; --smush-placeholder-aspect-ratio: 55\/51;\"><\/div>\n                        <h5 style=\" color: white; \">SUPPORT<\/h5>\n                        <p>Support sports initiatives that foster team collaboration and personal well-being<\/p>\n                                            <\/div>\n                                        \n                    <div class=\"cards-item\">\n                        <div><img decoding=\"async\" data-src=\"https:\/\/www.trescal.no\/wp-content\/uploads\/sites\/84\/2024\/02\/working-time.svg\" alt=\"picto\" width=\"55px\" height=\"51px\" src=\"data:image\/svg+xml;base64,PHN2ZyB3aWR0aD0iMSIgaGVpZ2h0PSIxIiB4bWxucz0iaHR0cDovL3d3dy53My5vcmcvMjAwMC9zdmciPjwvc3ZnPg==\" class=\"lazyload\" style=\"--smush-placeholder-width: 55px; --smush-placeholder-aspect-ratio: 55\/51;\"><\/div>\n                        <h5 style=\" color: white; \">ENGAGE<\/h5>\n                        <p>our employees in these initiatives by contributing their work time<\/p>\n                                            <\/div>\n                                        \n                    <div class=\"cards-item\">\n                        <div><img decoding=\"async\" data-src=\"https:\/\/www.trescal.no\/wp-content\/uploads\/sites\/84\/2024\/02\/donation-1.svg\" alt=\"picto\" width=\"55px\" height=\"51px\" src=\"data:image\/svg+xml;base64,PHN2ZyB3aWR0aD0iMSIgaGVpZ2h0PSIxIiB4bWxucz0iaHR0cDovL3d3dy53My5vcmcvMjAwMC9zdmciPjwvc3ZnPg==\" class=\"lazyload\" style=\"--smush-placeholder-width: 55px; --smush-placeholder-aspect-ratio: 55\/51;\"><\/div>\n                        <h5 style=\" color: white; \">CONTRIBUTE<\/h5>\n                        <p>financially to non-profit organizations that align with our goals<\/p>\n                                            <\/div>\n                                <\/div>\n            <\/div>\n            \n        <\/div>\n        \n    <\/div>\n<\/section>\n\n<section class=\"centertext\" style=\"background-color : #eeeeee;\">\n    <div class=\"container\">\n        <div class=\"content\">\n\n                            <h2>Trescal x Smithsonian Science Education Center (SSEC)<\/h2>\n            \n            <p><span class=\"ui-provider ee bda bcz bdb bdc bdd bde bdf bdg bdh bdi bdj bdk bdl bdm bdn bdo bdp bdq bdr bds bdt bdu bdv bdw bdx bdy bdz bea beb bec bed bee bef beg\" dir=\"ltr\">Our partnership with the SSEC in the United States has allowed 150 5th-grade school children to get inspired about pursuing STEM education. Through the SSEC, we have enabled the distribution of STEM kits to student&#8217;s classrooms and supported the professional development of teachers to implement the learning modules. We have also hosted field trips to our laboratories for students to engage in hands-on science and measurement learning.<\/span><\/p>\n<p>&nbsp;<\/p>\n\n                    <\/div>\n    <\/div>\n<\/section>\n\n\n<section class=\"full-skrew-image mask-right\" style=\"background-color: #eeeeee;\">\n    <img decoding=\"async\" data-src=\"https:\/\/www.trescal.no\/wp-content\/uploads\/sites\/84\/2024\/02\/IMG_5454-scaled-e1699542375986.jpg\" alt=\"ESG\"  src=\"data:image\/svg+xml;base64,PHN2ZyB3aWR0aD0iMSIgaGVpZ2h0PSIxIiB4bWxucz0iaHR0cDovL3d3dy53My5vcmcvMjAwMC9zdmciPjwvc3ZnPg==\" class=\"lazyload\" style=\"--smush-placeholder-width: 2560px; --smush-placeholder-aspect-ratio: 2560\/989;\">\n<\/section>\n\n\n<section class=\"centertext\" style=\"background-color : #ffffff;\">\n    <div class=\"container\">\n        <div class=\"content\">\n\n                            <h2>Trescal x Soci\u00e9t\u00e9 Fran\u00e7aise de Physique<\/h2>\n            \n            <p>Through the Soci\u00e9t\u00e9 Fran\u00e7aise de Physique, 200 high school students of physics compete yearly during the Physics Olympiad in France. This competition raises science awareness by activating students, awakening vocations as physicists and scientists as well as developing communication abilities. A Trescal Technical Director engages with the students by judging their projects. The winners visit Trescal laboratories in France and Belgium to further pique their interest in future scientific careers.<\/p>\n<p>&nbsp;<\/p>\n<p>&nbsp;<\/p>\n\n                    <\/div>\n    <\/div>\n<\/section>\n\n\n<section class=\"full-skrew-image mask-right\" style=\"background-color: #ffffff;\">\n    <img decoding=\"async\" data-src=\"https:\/\/www.trescal.no\/wp-content\/uploads\/sites\/84\/2024\/02\/Nicolas-da-Costa-3-e1701078108677.jpg\" alt=\"ESG\"  src=\"data:image\/svg+xml;base64,PHN2ZyB3aWR0aD0iMSIgaGVpZ2h0PSIxIiB4bWxucz0iaHR0cDovL3d3dy53My5vcmcvMjAwMC9zdmciPjwvc3ZnPg==\" class=\"lazyload\" style=\"--smush-placeholder-width: 1620px; --smush-placeholder-aspect-ratio: 1620\/410;\">\n<\/section>\n\n\n<section class=\"blocslider bg-gray\" id=\"blocslider\" style=\"background-color:rgb(238,238,238);\">\n    <div class=\"container\">\n        <h2>WE COMMIT TO<\/h2>\n        <div class=\"slider\" >\n            <div class=\"arrow arrow_L\" onClick=\"slideItem('.blocslider .slider',-1)\"><img decoding=\"async\" data-src=\"https:\/\/www.trescal.no\/wp-content\/themes\/labase-trescal\/img\/teamplate_esg\/images\/prev.png\" alt=\"picto\" width=\"25px\" height=\"21px\" style=\"--smush-placeholder-width: 25px; --smush-placeholder-aspect-ratio: 25\/21;max-width:25px\" src=\"data:image\/svg+xml;base64,PHN2ZyB3aWR0aD0iMSIgaGVpZ2h0PSIxIiB4bWxucz0iaHR0cDovL3d3dy53My5vcmcvMjAwMC9zdmciPjwvc3ZnPg==\" class=\"lazyload\"><\/div>\n            <div class=\"arrow arrow_R\" onClick=\"slideItem('.blocslider .slider',1)\"><img decoding=\"async\" data-src=\"https:\/\/www.trescal.no\/wp-content\/themes\/labase-trescal\/img\/teamplate_esg\/images\/next.png\" alt=\"picto\" width=\"25px\" height=\"21px\" style=\"--smush-placeholder-width: 25px; --smush-placeholder-aspect-ratio: 25\/21;max-width:25px\" src=\"data:image\/svg+xml;base64,PHN2ZyB3aWR0aD0iMSIgaGVpZ2h0PSIxIiB4bWxucz0iaHR0cDovL3d3dy53My5vcmcvMjAwMC9zdmciPjwvc3ZnPg==\" class=\"lazyload\"><\/div>\n\n            <div class=\"scroller\" data-current-item=\"0\">\n                <div class=\"bloc-cards\">\n                                    \n                    <div class=\"cards-item\">\n                        <div><img decoding=\"async\" data-src=\"https:\/\/www.trescal.no\/wp-content\/uploads\/sites\/84\/2024\/02\/DSC7692-web2-1.jpg\" alt=\"picto\" width=\"247px\" height=\"154px\" src=\"data:image\/svg+xml;base64,PHN2ZyB3aWR0aD0iMSIgaGVpZ2h0PSIxIiB4bWxucz0iaHR0cDovL3d3dy53My5vcmcvMjAwMC9zdmciPjwvc3ZnPg==\" class=\"lazyload\" style=\"--smush-placeholder-width: 247px; --smush-placeholder-aspect-ratio: 247\/154;\"><\/div>\n                        <h3>GOVERNANCE &amp; ETHICS<\/h3>\n                        <p>Conduct our business in an ethically responsible manner.<\/p>\n                        <div class=\"cta\"><a target=\"\" href=\"https:\/\/www.trescal.com\/about\/commitments\/governance-ethics\/\">Read more  <span>+<\/span><\/a><\/div>                    <\/div>\n                                    \n                    <div class=\"cards-item\">\n                        <div><img decoding=\"async\" data-src=\"https:\/\/www.trescal.no\/wp-content\/uploads\/sites\/84\/2024\/02\/montgolfiere-.jpg\" alt=\"picto\" width=\"247px\" height=\"154px\" src=\"data:image\/svg+xml;base64,PHN2ZyB3aWR0aD0iMSIgaGVpZ2h0PSIxIiB4bWxucz0iaHR0cDovL3d3dy53My5vcmcvMjAwMC9zdmciPjwvc3ZnPg==\" class=\"lazyload\" style=\"--smush-placeholder-width: 247px; --smush-placeholder-aspect-ratio: 247\/154;\"><\/div>\n                        <h3>ENVIRONMENTAL RESPONSIBILITY<\/h3>\n                        <p>Invest in planetary health by minimizing our impact on climate energy and waste<\/p>\n                        <div class=\"cta\"><a target=\"\" href=\"https:\/\/www.trescal.com\/about\/commitments\/environmental-responsibility\/\">Read more  <span>+<\/span><\/a><\/div>                    <\/div>\n                                    \n                    <div class=\"cards-item\">\n                        <div><img decoding=\"async\" data-src=\"https:\/\/www.trescal.no\/wp-content\/uploads\/sites\/84\/2024\/02\/employee-experience-1-e1699543550213.jpg\" alt=\"picto\" width=\"247px\" height=\"154px\" src=\"data:image\/svg+xml;base64,PHN2ZyB3aWR0aD0iMSIgaGVpZ2h0PSIxIiB4bWxucz0iaHR0cDovL3d3dy53My5vcmcvMjAwMC9zdmciPjwvc3ZnPg==\" class=\"lazyload\" style=\"--smush-placeholder-width: 247px; --smush-placeholder-aspect-ratio: 247\/154;\"><\/div>\n                        <h3>EMPLOYEE EXPERIENCE<\/h3>\n                        <p>Empower our people to build their own exceptional career experiences<\/p>\n                        <div class=\"cta\"><a target=\"\" href=\"https:\/\/www.trescal.com\/about\/commitments\/employee-experience\/\">Read more  <span>+<\/span><\/a><\/div>                    <\/div>\n                                <\/div>\n            <\/div>\n            \n        <\/div>\n        \n    <\/div>\n<\/section>","protected":false},"excerpt":{"rendered":"","protected":false},"author":8,"featured_media":63812,"parent":63779,"menu_order":0,"comment_status":"closed","ping_status":"closed","template":"template-esg.php","meta":{"_acf_changed":false,"inline_featured_image":false,"footnotes":""},"class_list":["post-63929","page","type-page","status-publish","has-post-thumbnail","hentry"],"acf":[],"yoast_head":"<!-- This site is optimized with the Yoast SEO plugin v27.5 - https:\/\/yoast.com\/product\/yoast-seo-wordpress\/ -->\n<title>Social Engagement - Trescal Norway<\/title>\n<meta name=\"description\" content=\"Trescal actively contributes to improve the communities where we live and work so that we can cascade global impact.\" \/>\n<meta name=\"robots\" content=\"index, follow, max-snippet:-1, max-image-preview:large, max-video-preview:-1\" \/>\n<link rel=\"canonical\" href=\"https:\/\/www.trescal.no\/en\/commitments\/social-engagement\/\" \/>\n<meta property=\"og:locale\" content=\"en_GB\" \/>\n<meta property=\"og:type\" content=\"article\" \/>\n<meta property=\"og:title\" content=\"Social Engagement - Trescal Norway\" \/>\n<meta property=\"og:description\" content=\"Trescal actively contributes to improve the communities where we live and work so that we can cascade global impact.\" \/>\n<meta property=\"og:url\" content=\"https:\/\/www.trescal.no\/en\/commitments\/social-engagement\/\" \/>\n<meta property=\"og:site_name\" content=\"Norway\" \/>\n<meta property=\"article:modified_time\" content=\"2024-04-05T13:30:45+00:00\" \/>\n<meta property=\"og:image\" content=\"https:\/\/www.trescal.no\/wp-content\/uploads\/sites\/84\/2024\/02\/employee-experience-1-e1699543550213.jpg\" \/>\n\t<meta property=\"og:image:width\" content=\"1665\" \/>\n\t<meta property=\"og:image:height\" content=\"1096\" \/>\n\t<meta property=\"og:image:type\" content=\"image\/jpeg\" \/>\n<meta name=\"twitter:card\" content=\"summary_large_image\" \/>\n<meta name=\"twitter:label1\" content=\"Estimated reading time\" \/>\n\t<meta name=\"twitter:data1\" content=\"1 minute\" \/>\n<script type=\"application\/ld+json\" class=\"yoast-schema-graph\">{\"@context\":\"https:\\\/\\\/schema.org\",\"@graph\":[{\"@type\":\"WebPage\",\"@id\":\"https:\\\/\\\/www.trescal.no\\\/en\\\/commitments\\\/social-engagement\\\/\",\"url\":\"https:\\\/\\\/www.trescal.no\\\/en\\\/commitments\\\/social-engagement\\\/\",\"name\":\"Social Engagement - Trescal Norway\",\"isPartOf\":{\"@id\":\"https:\\\/\\\/www.trescal.no\\\/en\\\/#website\"},\"primaryImageOfPage\":{\"@id\":\"https:\\\/\\\/www.trescal.no\\\/en\\\/commitments\\\/social-engagement\\\/#primaryimage\"},\"image\":{\"@id\":\"https:\\\/\\\/www.trescal.no\\\/en\\\/commitments\\\/social-engagement\\\/#primaryimage\"},\"thumbnailUrl\":\"https:\\\/\\\/www.trescal.no\\\/wp-content\\\/uploads\\\/sites\\\/84\\\/2024\\\/02\\\/employee-experience-1-e1699543550213.jpg\",\"datePublished\":\"2024-02-20T15:26:36+00:00\",\"dateModified\":\"2024-04-05T13:30:45+00:00\",\"description\":\"Trescal actively contributes to improve the communities where we live and work so that we can cascade global impact.\",\"breadcrumb\":{\"@id\":\"https:\\\/\\\/www.trescal.no\\\/en\\\/commitments\\\/social-engagement\\\/#breadcrumb\"},\"inLanguage\":\"en-GB\",\"potentialAction\":[{\"@type\":\"ReadAction\",\"target\":[\"https:\\\/\\\/www.trescal.no\\\/en\\\/commitments\\\/social-engagement\\\/\"]}]},{\"@type\":\"ImageObject\",\"inLanguage\":\"en-GB\",\"@id\":\"https:\\\/\\\/www.trescal.no\\\/en\\\/commitments\\\/social-engagement\\\/#primaryimage\",\"url\":\"https:\\\/\\\/www.trescal.no\\\/wp-content\\\/uploads\\\/sites\\\/84\\\/2024\\\/02\\\/employee-experience-1-e1699543550213.jpg\",\"contentUrl\":\"https:\\\/\\\/www.trescal.no\\\/wp-content\\\/uploads\\\/sites\\\/84\\\/2024\\\/02\\\/employee-experience-1-e1699543550213.jpg\",\"width\":1665,\"height\":1096},{\"@type\":\"BreadcrumbList\",\"@id\":\"https:\\\/\\\/www.trescal.no\\\/en\\\/commitments\\\/social-engagement\\\/#breadcrumb\",\"itemListElement\":[{\"@type\":\"ListItem\",\"position\":1,\"name\":\"Commitments\",\"item\":\"https:\\\/\\\/www.trescal.no\\\/en\\\/commitments\\\/\"},{\"@type\":\"ListItem\",\"position\":2,\"name\":\"Social Engagement\"}]},{\"@type\":\"WebSite\",\"@id\":\"https:\\\/\\\/www.trescal.no\\\/en\\\/#website\",\"url\":\"https:\\\/\\\/www.trescal.no\\\/en\\\/\",\"name\":\"Norway\",\"description\":\"| calibration solutions to improve your performance |\",\"potentialAction\":[{\"@type\":\"SearchAction\",\"target\":{\"@type\":\"EntryPoint\",\"urlTemplate\":\"https:\\\/\\\/www.trescal.no\\\/en\\\/?s={search_term_string}\"},\"query-input\":{\"@type\":\"PropertyValueSpecification\",\"valueRequired\":true,\"valueName\":\"search_term_string\"}}],\"inLanguage\":\"en-GB\"}]}<\/script>\n<!-- \/ Yoast SEO plugin. -->","yoast_head_json":{"title":"Social Engagement - Trescal Norway","description":"Trescal actively contributes to improve the communities where we live and work so that we can cascade global impact.","robots":{"index":"index","follow":"follow","max-snippet":"max-snippet:-1","max-image-preview":"max-image-preview:large","max-video-preview":"max-video-preview:-1"},"canonical":"https:\/\/www.trescal.no\/en\/commitments\/social-engagement\/","og_locale":"en_GB","og_type":"article","og_title":"Social Engagement - Trescal Norway","og_description":"Trescal actively contributes to improve the communities where we live and work so that we can cascade global impact.","og_url":"https:\/\/www.trescal.no\/en\/commitments\/social-engagement\/","og_site_name":"Norway","article_modified_time":"2024-04-05T13:30:45+00:00","og_image":[{"width":1665,"height":1096,"url":"https:\/\/www.trescal.no\/wp-content\/uploads\/sites\/84\/2024\/02\/employee-experience-1-e1699543550213.jpg","type":"image\/jpeg"}],"twitter_card":"summary_large_image","twitter_misc":{"Estimated reading time":"1 minute"},"schema":{"@context":"https:\/\/schema.org","@graph":[{"@type":"WebPage","@id":"https:\/\/www.trescal.no\/en\/commitments\/social-engagement\/","url":"https:\/\/www.trescal.no\/en\/commitments\/social-engagement\/","name":"Social Engagement - Trescal Norway","isPartOf":{"@id":"https:\/\/www.trescal.no\/en\/#website"},"primaryImageOfPage":{"@id":"https:\/\/www.trescal.no\/en\/commitments\/social-engagement\/#primaryimage"},"image":{"@id":"https:\/\/www.trescal.no\/en\/commitments\/social-engagement\/#primaryimage"},"thumbnailUrl":"https:\/\/www.trescal.no\/wp-content\/uploads\/sites\/84\/2024\/02\/employee-experience-1-e1699543550213.jpg","datePublished":"2024-02-20T15:26:36+00:00","dateModified":"2024-04-05T13:30:45+00:00","description":"Trescal actively contributes to improve the communities where we live and work so that we can cascade global impact.","breadcrumb":{"@id":"https:\/\/www.trescal.no\/en\/commitments\/social-engagement\/#breadcrumb"},"inLanguage":"en-GB","potentialAction":[{"@type":"ReadAction","target":["https:\/\/www.trescal.no\/en\/commitments\/social-engagement\/"]}]},{"@type":"ImageObject","inLanguage":"en-GB","@id":"https:\/\/www.trescal.no\/en\/commitments\/social-engagement\/#primaryimage","url":"https:\/\/www.trescal.no\/wp-content\/uploads\/sites\/84\/2024\/02\/employee-experience-1-e1699543550213.jpg","contentUrl":"https:\/\/www.trescal.no\/wp-content\/uploads\/sites\/84\/2024\/02\/employee-experience-1-e1699543550213.jpg","width":1665,"height":1096},{"@type":"BreadcrumbList","@id":"https:\/\/www.trescal.no\/en\/commitments\/social-engagement\/#breadcrumb","itemListElement":[{"@type":"ListItem","position":1,"name":"Commitments","item":"https:\/\/www.trescal.no\/en\/commitments\/"},{"@type":"ListItem","position":2,"name":"Social Engagement"}]},{"@type":"WebSite","@id":"https:\/\/www.trescal.no\/en\/#website","url":"https:\/\/www.trescal.no\/en\/","name":"Norway","description":"| calibration solutions to improve your performance |","potentialAction":[{"@type":"SearchAction","target":{"@type":"EntryPoint","urlTemplate":"https:\/\/www.trescal.no\/en\/?s={search_term_string}"},"query-input":{"@type":"PropertyValueSpecification","valueRequired":true,"valueName":"search_term_string"}}],"inLanguage":"en-GB"}]}},"_links":{"self":[{"href":"https:\/\/www.trescal.no\/en\/wp-json\/wp\/v2\/pages\/63929","targetHints":{"allow":["GET"]}}],"collection":[{"href":"https:\/\/www.trescal.no\/en\/wp-json\/wp\/v2\/pages"}],"about":[{"href":"https:\/\/www.trescal.no\/en\/wp-json\/wp\/v2\/types\/page"}],"author":[{"embeddable":true,"href":"https:\/\/www.trescal.no\/en\/wp-json\/wp\/v2\/users\/8"}],"replies":[{"embeddable":true,"href":"https:\/\/www.trescal.no\/en\/wp-json\/wp\/v2\/comments?post=63929"}],"version-history":[{"count":0,"href":"https:\/\/www.trescal.no\/en\/wp-json\/wp\/v2\/pages\/63929\/revisions"}],"up":[{"embeddable":true,"href":"https:\/\/www.trescal.no\/en\/wp-json\/wp\/v2\/pages\/63779"}],"wp:featuredmedia":[{"embeddable":true,"href":"https:\/\/www.trescal.no\/en\/wp-json\/wp\/v2\/media\/63812"}],"wp:attachment":[{"href":"https:\/\/www.trescal.no\/en\/wp-json\/wp\/v2\/media?parent=63929"}],"curies":[{"name":"wp","href":"https:\/\/api.w.org\/{rel}","templated":true}]}}